{"id":3,"date":"2024-07-31T15:00:32","date_gmt":"2024-07-31T14:00:32","guid":{"rendered":"https:\/\/www.gymmaacher.lu\/?page_id=3"},"modified":"2024-09-02T14:40:06","modified_gmt":"2024-09-02T12:40:06","slug":"privacy-policy","status":"publish","type":"page","link":"https:\/\/www.gymmaacher.lu\/fr\/privacy-policy\/","title":{"rendered":"Mentions l\u00e9gales"},"content":{"rendered":"<style>.kt-accordion-id3_e946d4-c6 .kt-accordion-inner-wrap{column-gap:var(--global-kb-gap-md, 2rem);row-gap:10px;}.kt-accordion-id3_e946d4-c6 .kt-accordion-panel-inner{border-top:0px solid transparent;border-right:1px solid transparent;border-bottom:1px solid transparent;border-left:1px solid transparent;background:#ffffff;padding-top:var(--global-kb-spacing-sm, 1.5rem);padding-right:var(--global-kb-spacing-sm, 1.5rem);padding-bottom:var(--global-kb-spacing-sm, 1.5rem);padding-left:var(--global-kb-spacing-sm, 1.5rem);}.kt-accordion-id3_e946d4-c6 > .kt-accordion-inner-wrap > .wp-block-kadence-pane > .kt-accordion-header-wrap > .kt-blocks-accordion-header{border-top:1px solid #eeeeee;border-right:1px solid #eeeeee;border-bottom:1px solid #eeeeee;border-left:2px solid #eeeeee;border-top-left-radius:0px;border-top-right-radius:0px;border-bottom-right-radius:0px;border-bottom-left-radius:0px;background:var(--global-palette5, #4A5568);color:var(--global-palette8, #F7FAFC);padding-top:14px;padding-right:16px;padding-bottom:14px;padding-left:16px;}.kt-accordion-id3_e946d4-c6:not( .kt-accodion-icon-style-basiccircle ):not( .kt-accodion-icon-style-xclosecircle ):not( .kt-accodion-icon-style-arrowcircle )  > .kt-accordion-inner-wrap > .wp-block-kadence-pane > .kt-accordion-header-wrap .kt-blocks-accordion-icon-trigger:after, .kt-accordion-id3_e946d4-c6:not( .kt-accodion-icon-style-basiccircle ):not( .kt-accodion-icon-style-xclosecircle ):not( .kt-accodion-icon-style-arrowcircle )  > .kt-accordion-inner-wrap > .wp-block-kadence-pane > .kt-accordion-header-wrap .kt-blocks-accordion-icon-trigger:before{background:var(--global-palette8, #F7FAFC);}.kt-accordion-id3_e946d4-c6:not( .kt-accodion-icon-style-basic ):not( .kt-accodion-icon-style-xclose ):not( .kt-accodion-icon-style-arrow ) .kt-blocks-accordion-icon-trigger{background:var(--global-palette8, #F7FAFC);}.kt-accordion-id3_e946d4-c6:not( .kt-accodion-icon-style-basic ):not( .kt-accodion-icon-style-xclose ):not( .kt-accodion-icon-style-arrow ) .kt-blocks-accordion-icon-trigger:after, .kt-accordion-id3_e946d4-c6:not( .kt-accodion-icon-style-basic ):not( .kt-accodion-icon-style-xclose ):not( .kt-accodion-icon-style-arrow ) .kt-blocks-accordion-icon-trigger:before{background:var(--global-palette5, #4A5568);}.kt-accordion-id3_e946d4-c6 > .kt-accordion-inner-wrap > .wp-block-kadence-pane > .kt-accordion-header-wrap > .kt-blocks-accordion-header:hover, \n\t\t\t\tbody:not(.hide-focus-outline) .kt-accordion-id3_e946d4-c6 .kt-blocks-accordion-header:focus-visible{color:#444444;background:#ffffff;border-top-color:#d4d4d4;border-top-style:solid;border-right-color:#d4d4d4;border-right-style:solid;border-bottom-color:#d4d4d4;border-bottom-style:solid;border-left-color:#d4d4d4;border-left-style:solid;}.kt-accordion-id3_e946d4-c6:not( .kt-accodion-icon-style-basiccircle ):not( .kt-accodion-icon-style-xclosecircle ):not( .kt-accodion-icon-style-arrowcircle ) .kt-accordion-header-wrap .kt-blocks-accordion-header:hover .kt-blocks-accordion-icon-trigger:after, .kt-accordion-id3_e946d4-c6:not( .kt-accodion-icon-style-basiccircle ):not( .kt-accodion-icon-style-xclosecircle ):not( .kt-accodion-icon-style-arrowcircle ) .kt-accordion-header-wrap .kt-blocks-accordion-header:hover .kt-blocks-accordion-icon-trigger:before, body:not(.hide-focus-outline) .kt-accordion-id3_e946d4-c6:not( .kt-accodion-icon-style-basiccircle ):not( .kt-accodion-icon-style-xclosecircle ):not( .kt-accodion-icon-style-arrowcircle ) .kt-blocks-accordion--visible .kt-blocks-accordion-icon-trigger:after, body:not(.hide-focus-outline) .kt-accordion-id3_e946d4-c6:not( .kt-accodion-icon-style-basiccircle ):not( .kt-accodion-icon-style-xclosecircle ):not( .kt-accodion-icon-style-arrowcircle ) .kt-blocks-accordion-header:focus-visible .kt-blocks-accordion-icon-trigger:before{background:#444444;}.kt-accordion-id3_e946d4-c6:not( .kt-accodion-icon-style-basic ):not( .kt-accodion-icon-style-xclose ):not( .kt-accodion-icon-style-arrow ) .kt-accordion-header-wrap .kt-blocks-accordion-header:hover .kt-blocks-accordion-icon-trigger, body:not(.hide-focus-outline) .kt-accordion-id3_e946d4-c6:not( .kt-accodion-icon-style-basic ):not( .kt-accodion-icon-style-xclose ):not( .kt-accodion-icon-style-arrow ) .kt-accordion-header-wrap .kt-blocks-accordion-header:focus-visible .kt-blocks-accordion-icon-trigger{background:#444444;}.kt-accordion-id3_e946d4-c6:not( .kt-accodion-icon-style-basic ):not( .kt-accodion-icon-style-xclose ):not( .kt-accodion-icon-style-arrow ) .kt-accordion-header-wrap .kt-blocks-accordion-header:hover .kt-blocks-accordion-icon-trigger:after, .kt-accordion-id3_e946d4-c6:not( .kt-accodion-icon-style-basic ):not( .kt-accodion-icon-style-xclose ):not( .kt-accodion-icon-style-arrow ) .kt-accordion-header-wrap .kt-blocks-accordion-header:hover .kt-blocks-accordion-icon-trigger:before, body:not(.hide-focus-outline) .kt-accordion-id3_e946d4-c6:not( .kt-accodion-icon-style-basic ):not( .kt-accodion-icon-style-xclose ):not( .kt-accodion-icon-style-arrow ) .kt-accordion-header-wrap .kt-blocks-accordion-header:focus-visible .kt-blocks-accordion-icon-trigger:after, body:not(.hide-focus-outline) .kt-accordion-id3_e946d4-c6:not( .kt-accodion-icon-style-basic ):not( .kt-accodion-icon-style-xclose ):not( .kt-accodion-icon-style-arrow ) .kt-accordion-header-wrap .kt-blocks-accordion-header:focus-visible .kt-blocks-accordion-icon-trigger:before{background:#ffffff;}.kt-accordion-id3_e946d4-c6 .kt-accordion-header-wrap .kt-blocks-accordion-header:focus-visible,\n\t\t\t\t.kt-accordion-id3_e946d4-c6 > .kt-accordion-inner-wrap > .wp-block-kadence-pane > .kt-accordion-header-wrap > .kt-blocks-accordion-header.kt-accordion-panel-active{color:#444444;background:#ffffff;border-top-color:#eeeeee;border-top-style:solid;border-right-color:#eeeeee;border-right-style:solid;border-bottom-color:#eeeeee;border-bottom-style:solid;border-left-color:#0e9cd1;border-left-style:solid;}.kt-accordion-id3_e946d4-c6:not( .kt-accodion-icon-style-basiccircle ):not( .kt-accodion-icon-style-xclosecircle ):not( .kt-accodion-icon-style-arrowcircle )  > .kt-accordion-inner-wrap > .wp-block-kadence-pane > .kt-accordion-header-wrap > .kt-blocks-accordion-header.kt-accordion-panel-active .kt-blocks-accordion-icon-trigger:after, .kt-accordion-id3_e946d4-c6:not( .kt-accodion-icon-style-basiccircle ):not( .kt-accodion-icon-style-xclosecircle ):not( .kt-accodion-icon-style-arrowcircle )  > .kt-accordion-inner-wrap > .wp-block-kadence-pane > .kt-accordion-header-wrap > .kt-blocks-accordion-header.kt-accordion-panel-active .kt-blocks-accordion-icon-trigger:before{background:#444444;}.kt-accordion-id3_e946d4-c6:not( .kt-accodion-icon-style-basic ):not( .kt-accodion-icon-style-xclose ):not( .kt-accodion-icon-style-arrow ) .kt-blocks-accordion-header.kt-accordion-panel-active .kt-blocks-accordion-icon-trigger{background:#444444;}.kt-accordion-id3_e946d4-c6:not( .kt-accodion-icon-style-basic ):not( .kt-accodion-icon-style-xclose ):not( .kt-accodion-icon-style-arrow ) .kt-blocks-accordion-header.kt-accordion-panel-active .kt-blocks-accordion-icon-trigger:after, .kt-accordion-id3_e946d4-c6:not( .kt-accodion-icon-style-basic ):not( .kt-accodion-icon-style-xclose ):not( .kt-accodion-icon-style-arrow ) .kt-blocks-accordion-header.kt-accordion-panel-active .kt-blocks-accordion-icon-trigger:before{background:#ffffff;}@media all and (max-width: 1024px){.kt-accordion-id3_e946d4-c6 .kt-accordion-panel-inner{border-top:0px solid transparent;border-right:1px solid transparent;border-bottom:1px solid transparent;border-left:1px solid transparent;}}@media all and (max-width: 1024px){.kt-accordion-id3_e946d4-c6 > .kt-accordion-inner-wrap > .wp-block-kadence-pane > .kt-accordion-header-wrap > .kt-blocks-accordion-header{border-top:1px solid #eeeeee;border-right:1px solid #eeeeee;border-bottom:1px solid #eeeeee;border-left:2px solid #eeeeee;}}@media all and (max-width: 1024px){.kt-accordion-id3_e946d4-c6 > .kt-accordion-inner-wrap > .wp-block-kadence-pane > .kt-accordion-header-wrap > .kt-blocks-accordion-header:hover, \n\t\t\t\tbody:not(.hide-focus-outline) .kt-accordion-id3_e946d4-c6 .kt-blocks-accordion-header:focus-visible{border-top-color:#d4d4d4;border-top-style:solid;border-right-color:#d4d4d4;border-right-style:solid;border-bottom-color:#d4d4d4;border-bottom-style:solid;border-left-color:#d4d4d4;border-left-style:solid;}}@media all and (max-width: 1024px){.kt-accordion-id3_e946d4-c6 .kt-accordion-header-wrap .kt-blocks-accordion-header:focus-visible,\n\t\t\t\t.kt-accordion-id3_e946d4-c6 > .kt-accordion-inner-wrap > .wp-block-kadence-pane > .kt-accordion-header-wrap > .kt-blocks-accordion-header.kt-accordion-panel-active{border-top-color:#eeeeee;border-top-style:solid;border-right-color:#eeeeee;border-right-style:solid;border-bottom-color:#eeeeee;border-bottom-style:solid;border-left-color:#0e9cd1;border-left-style:solid;}}@media all and (max-width: 767px){.kt-accordion-id3_e946d4-c6 .kt-accordion-inner-wrap{display:block;}.kt-accordion-id3_e946d4-c6 .kt-accordion-inner-wrap .kt-accordion-pane:not(:first-child){margin-top:10px;}.kt-accordion-id3_e946d4-c6 .kt-accordion-panel-inner{border-top:0px solid transparent;border-right:1px solid transparent;border-bottom:1px solid transparent;border-left:1px solid transparent;}.kt-accordion-id3_e946d4-c6 > .kt-accordion-inner-wrap > .wp-block-kadence-pane > .kt-accordion-header-wrap > .kt-blocks-accordion-header{border-top:1px solid #eeeeee;border-right:1px solid #eeeeee;border-bottom:1px solid #eeeeee;border-left:2px solid #eeeeee;}.kt-accordion-id3_e946d4-c6 > .kt-accordion-inner-wrap > .wp-block-kadence-pane > .kt-accordion-header-wrap > .kt-blocks-accordion-header:hover, \n\t\t\t\tbody:not(.hide-focus-outline) .kt-accordion-id3_e946d4-c6 .kt-blocks-accordion-header:focus-visible{border-top-color:#d4d4d4;border-top-style:solid;border-right-color:#d4d4d4;border-right-style:solid;border-bottom-color:#d4d4d4;border-bottom-style:solid;border-left-color:#d4d4d4;border-left-style:solid;}.kt-accordion-id3_e946d4-c6 .kt-accordion-header-wrap .kt-blocks-accordion-header:focus-visible,\n\t\t\t\t.kt-accordion-id3_e946d4-c6 > .kt-accordion-inner-wrap > .wp-block-kadence-pane > .kt-accordion-header-wrap > .kt-blocks-accordion-header.kt-accordion-panel-active{border-top-color:#eeeeee;border-top-style:solid;border-right-color:#eeeeee;border-right-style:solid;border-bottom-color:#eeeeee;border-bottom-style:solid;border-left-color:#0e9cd1;border-left-style:solid;}}<\/style>\n<div class=\"wp-block-kadence-accordion alignnone\"><div class=\"kt-accordion-wrap kt-accordion-id3_e946d4-c6 kt-accordion-has-6-panes kt-active-pane-0 kt-accordion-block kt-pane-header-alignment-left kt-accodion-icon-style-arrow kt-accodion-icon-side-right\" style=\"max-width:none\"><div class=\"kt-accordion-inner-wrap\" data-allow-multiple-open=\"false\" data-start-open=\"0\">\n<div class=\"wp-block-kadence-pane kt-accordion-pane kt-accordion-pane-1 kt-pane3_bc2bc2-ca\"><div class=\"kt-accordion-header-wrap\"><button class=\"kt-blocks-accordion-header kt-acccordion-button-label-show\"><span class=\"kt-blocks-accordion-title-wrap\"><span class=\"kt-blocks-accordion-title\"><strong>Politique de traitement des donn\u00e9es personnelles&nbsp;<\/strong><\/span><\/span><span class=\"kt-blocks-accordion-icon-trigger\"><\/span><\/button><\/div><div class=\"kt-accordion-panel kt-accordion-panel-hidden\"><div class=\"kt-accordion-panel-inner\">\n<p class=\"has-small-font-size\">Dans le cadre de la l\u00e9gislation en vigueur, l&rsquo;association sans but lucratifs &lsquo;Gym Maacher&rsquo; s\u2019engagent \u00e0 prot\u00e9ger et \u00e0 respecter la vie priv\u00e9e des visiteurs du site internet.<br>La pr\u00e9sente notice d\u2019information vous apporte les informations n\u00e9cessaires sur l\u2019usage de vos donn\u00e9es et sur les droits dont vous disposez. <br><br>Gym Maacher s\u2019engage \u00e0 traiter toutes les donn\u00e9es personnelles qui leur sont confi\u00e9es ou qu\u2019elles obtiennent dans le cadre d&rsquo;une communication ou d&rsquo;une inscription en conformit\u00e9 avec le R\u00e8glement europ\u00e9en no 2016\/679 du 27 avril 2016 relatif \u00e0 la protection des donn\u00e9es personnelles (RGPD).<br><br>Merci de bien consulter les points suivants pour prendre connaissance de nos pratiques de traitement de vos donn\u00e9es. En consultant ce site internet, vous acceptez les pratiques d\u00e9crites ci-apr\u00e8s (y compris ses \u00e9ventuelles modifications et mises \u00e0 jour).<\/p>\n\n\n\n<h6 class=\"wp-block-heading\"><strong>Donn\u00e9es personnelles<\/strong><\/h6>\n\n\n\n<p class=\"has-small-font-size\">Le nouveau membre, les parents ou les tuteurs dans le cas d&rsquo;un mineur, consent que le club traite les donn\u00e9es lui communiqu\u00e9es afin de g\u00e9rer ses membres. Quelques donn\u00e9es sont transmises \u00e0 qui de droit (Contr\u00f4le m\u00e9dico-sportif, FLGym pour les licences). <br>Les donn\u00e9es sont conserv\u00e9es exclusivement pour les besoins du bon fonctionement du club jusqu&rsquo;\u00e0 ce que le membre a quitt\u00e9 notre club.<br><br>Des donn\u00e9es pourront \u00eatre rendues anonymes afin de r\u00e9aliser des traitements statistiques ou historiques. Elles ne seront pas utilis\u00e9es \u00e0\u00a0d\u2019autres fins, commerciales ou autres.<br>Les donn\u00e9es des utilisateurs sont susceptibles d\u2019\u00eatre collect\u00e9es lors de leur navigation sur le site web. De m\u00eame, les messages \u00e9lectroniques envoy\u00e9s \u00e0 notre club et les adresses \u00e9lectroniques utilis\u00e9es pour l\u2019envoi d\u2019informations compl\u00e9mentaires sont susceptibles d\u2019\u00eatre conserv\u00e9es.<\/p>\n\n\n\n<h6 class=\"wp-block-heading\"><strong>D<\/strong>roit \u00e0 l&rsquo;image<\/h6>\n\n\n\n<p class=\"has-small-font-size\">Dans le cadre de nos activit\u00e9s, des responsables du club (entraineurs, membres du CA) proc\u00e8dent occasionnellement \u00e0 la captation photo ou vid\u00e9o pour des raisons de documentation et de promotion de nos manifestations, que ce soit dans nos supports internes (site internet, flyers, \u2026) ainsi que pour des supports externes (agendas culturels, presse,\u2026). Toute personne pr\u00e9sente lors de ces activit\u00e9s est susceptible de se retrouver sur ce mat\u00e9riel photo et vid\u00e9o.<br>Les parents ou tuteurs qui ne d\u00e9sirent nullement une telle captation de leurs enfants, Merci de le signaler formellement lors de la registration du membre (Refus &#8211; photo et vid\u00e9o).<\/p>\n\n\n\n<h6 class=\"wp-block-heading\"><strong>Stockage des donn\u00e9es personnelles<\/strong><\/h6>\n\n\n\n<p class=\"has-small-font-size\">Toutes les donn\u00e9es que nous collectons sont stock\u00e9es dans les bases de donn\u00e9es sur une plateforme tierce bas\u00e9e en Suisse.<br>Vous pourrez donc \u00eatre redirig\u00e9 vers cette plateforme en suivant certains liens fournis. Pour plus d\u2019informations sur la politique de confidentialit\u00e9 et les conditions d\u2019utilisation de ce service, merci de consulter leur politique de confidentialit\u00e9.<\/p>\n<\/div><\/div><\/div>\n\n\n\n<div class=\"wp-block-kadence-pane kt-accordion-pane kt-accordion-pane-2 kt-pane3_3ef3f2-28\"><div class=\"kt-accordion-header-wrap\"><button class=\"kt-blocks-accordion-header kt-acccordion-button-label-show\"><span class=\"kt-blocks-accordion-title-wrap\"><span class=\"kt-blocks-accordion-title\"><strong>Pendant combien de temps mes donn\u00e9es sont-elles conserv\u00e9es&nbsp;?<\/strong><\/span><\/span><span class=\"kt-blocks-accordion-icon-trigger\"><\/span><\/button><\/div><div class=\"kt-accordion-panel kt-accordion-panel-hidden\"><div class=\"kt-accordion-panel-inner\">\n<p class=\"has-small-font-size\">Nous ne conservons pas vos donn\u00e9es personnelles plus longtemps que n\u00e9cessaire pour des raisons organisationnelles ou l\u00e9gales. Si vous \u00eates un utilisateur\/membre de nos services, nous conservons vos informations jusqu\u2019\u00e0 ce que vous d\u00e9cidiez de c\u00e9der toutes sortes d&rsquo;activit\u00e9s dans notre club.<br><br>En ce qui concerne la diffusion g\u00e9n\u00e9rale d\u2019informations sur nos activit\u00e9s, nous conservons vos donn\u00e9es personnelles aussi longtemps que vous restez abonn\u00e9 \u00e0\u00a0nos listes de diffusion et canaux de communication. Parfois, nous pouvons \u00e9galement nettoyer nos bases de donn\u00e9es et supprimer les utilisateurs\/membres qui ne sont plus actifs sur la base des suggestions de nos syst\u00e8mes de\u00a0suivi.<\/p>\n<\/div><\/div><\/div>\n\n\n\n<div class=\"wp-block-kadence-pane kt-accordion-pane kt-accordion-pane-3 kt-pane3_1c02c5-ea\"><div class=\"kt-accordion-header-wrap\"><button class=\"kt-blocks-accordion-header kt-acccordion-button-label-show\"><span class=\"kt-blocks-accordion-title-wrap\"><span class=\"kt-blocks-accordion-title\"><strong>Notre site internet www.gymmaacher.lu<\/strong><\/span><\/span><span class=\"kt-blocks-accordion-icon-trigger\"><\/span><\/button><\/div><div class=\"kt-accordion-panel kt-accordion-panel-hidden\"><div class=\"kt-accordion-panel-inner\">\n<p class=\"has-small-font-size\">En acc\u00e9dant \u00e0&nbsp;ce site Internet, vous marquez votre accord quant \u00e0&nbsp;ces conditions d\u2019utilisation. Si vous ne d\u00e9sirez pas marquer votre accord quant \u00e0&nbsp;ces conditions d\u2019utilisation, nous vous demandons de ne pas poursuivre votre visite ou utilisation du site Internet.<br><br>Nous alimentons ce site de mani\u00e8re r\u00e9guli\u00e8re en vue de promouvoir et de diffuser nos activit\u00e9s sportives, et toutes les informations relatives. Aucune des informations publi\u00e9es sur le site ne peut \u00eatre consid\u00e9r\u00e9e comme exhaustive. Bien que nous nous efforcions \u00e0 diffuser des informations exactes et \u00e0 jour, nous ne sommes pas \u00e0 l&rsquo;abri d&rsquo;erreurs, d&rsquo;inexactitudes ou de manque de mises \u00e0 jour. Toutefois, nous nous engageons \u00e0&nbsp;corriger les erreurs signal\u00e9es via contact@gymmaacher.lu dans les plus brefs d\u00e9lais.<br><br>Sauf indication contraire, la reproduction des informations contenues sur ce site est autoris\u00e9e \u00e0&nbsp;des fins non commerciales uniquement \u00e0&nbsp;condition que la source soit express\u00e9ment mentionn\u00e9e. Toute utilisation autoris\u00e9e pr\u00e9alablement doit se faire sans d\u00e9naturation, modification ou alt\u00e9ration de quelque mani\u00e8re que ce&nbsp;soit.<br><br>Tout litige relatif \u00e0&nbsp;l\u2019utilisation du site sera soumis \u00e0&nbsp;la loi luxembourgeoise et sera de la comp\u00e9tence exclusive des juridictions luxembourgeoises.<\/p>\n<\/div><\/div><\/div>\n\n\n\n<div class=\"wp-block-kadence-pane kt-accordion-pane kt-accordion-pane-4 kt-pane3_8ac7a1-f6\"><div class=\"kt-accordion-header-wrap\"><button class=\"kt-blocks-accordion-header kt-acccordion-button-label-show\"><span class=\"kt-blocks-accordion-title-wrap\"><span class=\"kt-blocks-accordion-title\"><strong>Cookies<\/strong><\/span><\/span><span class=\"kt-blocks-accordion-icon-trigger\"><\/span><\/button><\/div><div class=\"kt-accordion-panel kt-accordion-panel-hidden\"><div class=\"kt-accordion-panel-inner\">\n<p class=\"has-small-font-size\">Lorsque vous visitez notre site, nous envoyons un ou plusieurs cookies &#8211; un petit fichier contenant une cha\u00eene de caract\u00e8res &#8211; \u00e0 votre ordinateur ou \u00e0 un autre appareil qui identifie votre navigateur de mani\u00e8re unique. Nous utilisons les cookies pour am\u00e9liorer la qualit\u00e9 de notre service, notamment pour stocker les pr\u00e9f\u00e9rences des utilisateurs. La plupart des navigateurs sont initialement configur\u00e9s pour accepter les cookies, mais vous pouvez r\u00e9initialiser votre navigateur pour refuser tous les cookies ou pour indiquer quand un cookie est envoy\u00e9. Certaines fonctionnalit\u00e9s et certains services du site peuvent ne pas fonctionner correctement si les cookies sont d\u00e9sactiv\u00e9s.<\/p>\n<\/div><\/div><\/div>\n\n\n\n<div class=\"wp-block-kadence-pane kt-accordion-pane kt-accordion-pane-6 kt-pane3_8c2029-96\"><div class=\"kt-accordion-header-wrap\"><button class=\"kt-blocks-accordion-header kt-acccordion-button-label-show\"><span class=\"kt-blocks-accordion-title-wrap\"><span class=\"kt-blocks-accordion-title\"><strong>Information sur les logs<\/strong><\/span><\/span><span class=\"kt-blocks-accordion-icon-trigger\"><\/span><\/button><\/div><div class=\"kt-accordion-panel kt-accordion-panel-hidden\"><div class=\"kt-accordion-panel-inner\">\n<p class=\"has-small-font-size\">En acc\u00e9dant \u00e0 notre site, nos serveurs enregistrent automatiquement les informations que votre navigateur envoie chaque fois que vous visitez un site web. Ces journaux de serveur peuvent contenir des informations telles que votre demande web, l&rsquo;adresse IP, le type de navigateur, la langue du navigateur et la date et l&rsquo;heure de votre demande qui peuvent identifier votre navigateur de mani\u00e8re unique.<\/p>\n<\/div><\/div><\/div>\n\n\n\n<div class=\"wp-block-kadence-pane kt-accordion-pane kt-accordion-pane-5 kt-pane3_26d74c-3b\"><div class=\"kt-accordion-header-wrap\"><button class=\"kt-blocks-accordion-header kt-acccordion-button-label-show\"><span class=\"kt-blocks-accordion-title-wrap\"><span class=\"kt-blocks-accordion-title\"><strong>Diffusion de messages<\/strong><\/span><\/span><span class=\"kt-blocks-accordion-icon-trigger\"><\/span><\/button><\/div><div class=\"kt-accordion-panel kt-accordion-panel-hidden\"><div class=\"kt-accordion-panel-inner\">\n<p class=\"has-small-font-size\">Lors de la registration comme membre de notre club, votre adresse Email sera ajout\u00e9e \u00e0 nos listes de diffusion. Nous utilisons entre autre les services d&rsquo;un fournisseur suisse pour la livraison de nos courriels et bulletins \u00e9lectroniques. <br>Similairement, le num\u00e9ro mobile nous sert aussi afin de passer aux parents et tuteurs des informations via WhatsApp concernant des impr\u00e9vus ou des annonces de nos activit\u00e9s.<br>Si vous ne d\u00e9sirez plus recevoir des informations par Email et\/ou WhatsApp, Merci de nous en informer.<br><br>En ce qui concerne la diffusion g\u00e9n\u00e9rale d\u2019informations sur nos activit\u00e9s, nous conservons vos donn\u00e9es personnelles aussi longtemps que vous restez registr\u00e9 et inscrits \u00e0 une de nos activit\u00e9s. Parfois, nous pouvons \u00e9galement nettoyer nos bases de donn\u00e9es et supprimer les utilisateurs qui ne sont plus actifs sur la base des suggestions de nos syst\u00e8mes de\u00a0suivi.<\/p>\n<\/div><\/div><\/div>\n<\/div><\/div><\/div>\n","protected":false},"excerpt":{"rendered":"","protected":false},"author":3,"featured_media":0,"parent":0,"menu_order":4,"comment_status":"closed","ping_status":"closed","template":"","meta":{"_kadence_starter_templates_imported_post":false,"_kad_post_transparent":"","_kad_post_title":"","_kad_post_layout":"","_kad_post_sidebar_id":"","_kad_post_content_style":"","_kad_post_vertical_padding":"","_kad_post_feature":"","_kad_post_feature_position":"","_kad_post_header":false,"_kad_post_footer":false,"_kad_post_classname":"","footnotes":""},"class_list":["post-3","page","type-page","status-publish","hentry"],"translation":{"provider":"WPGlobus","version":"3.0.2","language":"fr","enabled_languages":["de","fr","en"],"languages":{"de":{"title":true,"content":true,"excerpt":false},"fr":{"title":true,"content":true,"excerpt":false},"en":{"title":true,"content":true,"excerpt":false}}},"_links":{"self":[{"href":"https:\/\/www.gymmaacher.lu\/fr\/wp-json\/wp\/v2\/pages\/3","targetHints":{"allow":["GET"]}}],"collection":[{"href":"https:\/\/www.gymmaacher.lu\/fr\/wp-json\/wp\/v2\/pages"}],"about":[{"href":"https:\/\/www.gymmaacher.lu\/fr\/wp-json\/wp\/v2\/types\/page"}],"author":[{"embeddable":true,"href":"https:\/\/www.gymmaacher.lu\/fr\/wp-json\/wp\/v2\/users\/3"}],"replies":[{"embeddable":true,"href":"https:\/\/www.gymmaacher.lu\/fr\/wp-json\/wp\/v2\/comments?post=3"}],"version-history":[{"count":32,"href":"https:\/\/www.gymmaacher.lu\/fr\/wp-json\/wp\/v2\/pages\/3\/revisions"}],"predecessor-version":[{"id":858,"href":"https:\/\/www.gymmaacher.lu\/fr\/wp-json\/wp\/v2\/pages\/3\/revisions\/858"}],"wp:attachment":[{"href":"https:\/\/www.gymmaacher.lu\/fr\/wp-json\/wp\/v2\/media?parent=3"}],"curies":[{"name":"wp","href":"https:\/\/api.w.org\/{rel}","templated":true}]}}